{"id":348838,"date":"2022-11-04T16:31:21","date_gmt":"2022-11-04T14:31:21","guid":{"rendered":"https:\/\/sff.louru.fi\/viikko-ohjelma\/"},"modified":"2026-04-10T15:12:56","modified_gmt":"2026-04-10T12:12:56","slug":"viikko-ohjelma","status":"publish","type":"page","link":"https:\/\/snowfunsafaris.com\/en\/weekly-program\/","title":{"rendered":"Weekly program"},"content":{"rendered":"<p>[vc_row row_type=&#8221;row&#8221; use_row_as_full_screen_section=&#8221;yes&#8221; type=&#8221;grid&#8221; text_align=&#8221;left&#8221; padding_top=&#8221;75&#8243; box_shadow_on_row=&#8221;no&#8221;][vc_column][vc_column_text]<\/p>\n<h2 style=\"text-align: center;\">Come on a safari with us<\/h2>\n<h3 style=\"text-align: center;\"><span class=\"TextRun SCXW229680416 BCX2\" lang=\"FI-FI\" xml:lang=\"FI-FI\" data-contrast=\"auto\"><span class=\"NormalTextRun SCXW229680416 BCX2\" data-ccp-parastyle=\"No Spacing\">Winter 2026-2027<\/span><\/span><\/h3>\n<p style=\"text-align: center;\"><a href=\"https:\/\/snowfunsafaris.com\/wp-content\/uploads\/2026\/04\/26-27-Weekly-Program-Departures-and-prices.pdf\" target=\"_blank\" rel=\"noopener\">Weekly Program 26-27 &#8211; Departures and prices<\/a>.pdf<\/p>\n<p>[\/vc_column_text][vc_empty_space height=&#8221;15px&#8221; image_repeat=&#8221;no-repeat&#8221;][\/vc_column][\/vc_row][vc_row row_type=&#8221;row&#8221; use_row_as_full_screen_section=&#8221;yes&#8221; type=&#8221;grid&#8221; text_align=&#8221;left&#8221; padding_top=&#8221;50&#8243; padding_bottom=&#8221;50&#8243; box_shadow_on_row=&#8221;no&#8221;][vc_column el_id=&#8221;ohjelma&#8221; el_class=&#8221;weekprog&#8221;][vc_column_text]<\/p>\n<table width=\"100%\">\n<tbody>\n<tr style=\"background: #fdc100;\">\n<td style=\"text-align: center;\" width=\"30%\">\n<h5 style=\"text-align: left;\"><a href=\"https:\/\/snowfunsafaris.com\/en\/safaris\/snowmobile-safaris\/\">Snowmobile<\/a><\/h5>\n<\/td>\n<td width=\"10%\">\n<h6>MON<\/h6>\n<\/td>\n<td width=\"10%\">\n<h6>TUE<\/h6>\n<\/td>\n<td width=\"10%\">\n<h6>WED<\/h6>\n<\/td>\n<td width=\"10%\">\n<h6>THU<\/h6>\n<\/td>\n<td width=\"10%\">\n<h6>FRI<\/h6>\n<\/td>\n<td width=\"10%\">\n<h6>SAT<\/h6>\n<\/td>\n<td width=\"10%\">\n<h6>SUN<\/h6>\n<\/td>\n<\/tr>\n<tr>\n<td style=\"text-align: left;\"><a href=\"https:\/\/snowfunsafaris.com\/en\/safaris\/snowmobile-safaris\/#snowwhat\">Snow what<\/a><\/td>\n<td><strong>10:00<\/strong><\/td>\n<td><\/td>\n<td><strong>15:30<\/strong><\/td>\n<td><\/td>\n<td><strong>10:00<\/strong><\/td>\n<td><strong>10:00<\/strong><\/td>\n<td><strong>10:00<\/strong><\/td>\n<\/tr>\n<tr style=\"background: #99ccff;\">\n<td style=\"text-align: left;\"><a href=\"https:\/\/snowfunsafaris.com\/en\/safaris\/snowmobile-safaris\/#naturewatching\">Nature watching tour<\/a><\/td>\n<td><\/td>\n<td><strong>9:30<\/strong><\/td>\n<td><b>\u00a0<\/b><\/td>\n<td><b>9:00<\/b><\/td>\n<td><\/td>\n<td><\/td>\n<td><\/td>\n<\/tr>\n<tr>\n<td style=\"text-align: left;\"><a href=\"https:\/\/snowfunsafaris.com\/en\/safaris\/snowmobile-safaris\/#yllas718\">Yll\u00e4s 718<\/a> **<\/td>\n<td><strong>13:00<\/strong><\/td>\n<td><\/td>\n<td><\/td>\n<td><\/td>\n<td><\/td>\n<td><\/td>\n<td><\/td>\n<\/tr>\n<tr style=\"background: #99ccff;\">\n<td style=\"text-align: left;\"><a href=\"https:\/\/snowfunsafaris.com\/en\/safaris\/snowmobile-safaris\/#acrossthefells\">Across the fells<\/a>**<\/td>\n<td><\/td>\n<td><\/td>\n<td><\/td>\n<td><\/td>\n<td><strong>13:00<\/strong><\/td>\n<td><strong>13:00<\/strong><\/td>\n<td><\/td>\n<\/tr>\n<tr>\n<td style=\"text-align: left;\"><a href=\"https:\/\/snowfunsafaris.com\/en\/safaris\/snowmobile-safaris\/#oldlapland\">Magic of old Lapland<\/a>**<\/td>\n<td><\/td>\n<td><\/td>\n<td><\/td>\n<td><strong>10:00<\/strong><\/td>\n<td><\/td>\n<td><\/td>\n<td><\/td>\n<\/tr>\n<tr style=\"background: #99ccff;\">\n<td style=\"text-align: left;\"><a href=\"https:\/\/snowfunsafaris.com\/en\/safaris\/snowmobile-safaris\/#sevenfells\">Seven fells tour<\/a> **<\/td>\n<td style=\"text-align: center;\" colspan=\"7\">On request<\/td>\n<\/tr>\n<\/tbody>\n<\/table>\n<p>[\/vc_column_text][vc_column_text]<\/p>\n<table width=\"100%\">\n<tbody>\n<tr style=\"background: #fdc100;\">\n<td style=\"text-align: center;\" width=\"30%\">\n<h5 style=\"text-align: left;\"><a href=\"https:\/\/snowfunsafaris.com\/en\/safaris\/northern-lights\/\">Northern Lights<\/a> **<\/h5>\n<\/td>\n<td width=\"10%\">\n<h6>MON<\/h6>\n<\/td>\n<td width=\"10%\">\n<h6>TUE<\/h6>\n<\/td>\n<td width=\"10%\">\n<h6>WED<\/h6>\n<\/td>\n<td width=\"10%\">\n<h6>THU<\/h6>\n<\/td>\n<td width=\"10%\">\n<h6>FRI<\/h6>\n<\/td>\n<td width=\"10%\">\n<h6>SAT<\/h6>\n<\/td>\n<td width=\"10%\">\n<h6>SUN<\/h6>\n<\/td>\n<\/tr>\n<tr>\n<td style=\"text-align: left;\"><a href=\"https:\/\/snowfunsafaris.com\/en\/safaris\/northern-lights\/#maybe\">Maybe the Northern Lights<\/a> **<\/td>\n<td><\/td>\n<td><strong>19:00<\/strong><br \/>\n<strong>20:00*<\/strong><\/td>\n<td><strong>18:00<\/strong><br \/>\n<strong>19:00*<\/strong><\/td>\n<td><\/td>\n<td><\/td>\n<td><\/td>\n<td><\/td>\n<\/tr>\n<tr style=\"background: #99ccff;\">\n<td style=\"text-align: left;\"><a href=\"https:\/\/snowfunsafaris.com\/en\/safaris\/northern-lights\/#aurorahunting\">Aurora hunting by snowshoes<\/a> **<\/td>\n<td><strong>19:00<\/strong><br \/>\n<strong>20:00*<\/strong><\/td>\n<td><\/td>\n<td><\/td>\n<td><strong>19:00<\/strong><br \/>\n<strong>20:00*<\/strong><\/td>\n<td><strong>19:00<\/strong><br \/>\n<strong>20:00*<\/strong><\/td>\n<td><\/td>\n<td><\/td>\n<\/tr>\n<\/tbody>\n<\/table>\n<p>[\/vc_column_text][vc_column_text]<\/p>\n<table width=\"100%\">\n<tbody>\n<tr style=\"background: #fdc100;\">\n<td style=\"text-align: center;\" width=\"30%\">\n<h5 style=\"text-align: left;\"><a href=\"https:\/\/snowfunsafaris.com\/en\/safaris\/reindeer-and-husky-safaris\/\">Reindeer and Husky<\/a><\/h5>\n<\/td>\n<td width=\"10%\">\n<h6>MON<\/h6>\n<\/td>\n<td width=\"10%\">\n<h6>TUE<\/h6>\n<\/td>\n<td width=\"10%\">\n<h6>WED<\/h6>\n<\/td>\n<td width=\"10%\">\n<h6>THU<\/h6>\n<\/td>\n<td width=\"10%\">\n<h6>FRI<\/h6>\n<\/td>\n<td width=\"10%\">\n<h6>SAT<\/h6>\n<\/td>\n<td width=\"10%\">\n<h6>SUN<\/h6>\n<\/td>\n<\/tr>\n<tr>\n<td style=\"text-align: left;\"><a href=\"https:\/\/snowfunsafaris.com\/en\/safaris\/reindeer-and-husky-safaris\/#reindeerride\">Reindeer ride to the wilderness<\/a><\/td>\n<td><\/td>\n<td><strong>13:30<\/strong><\/td>\n<td><\/td>\n<td><strong>13:30<\/strong><\/td>\n<td><\/td>\n<td><\/td>\n<td><strong>13:30<\/strong><\/td>\n<\/tr>\n<tr style=\"background: #99ccff;\">\n<td style=\"text-align: left;\"><a href=\"https:\/\/snowfunsafaris.com\/en\/safaris\/reindeer-and-husky-safaris\/#safaritoreindeer\">Snowmobile safari to reindeer<\/a> **<\/td>\n<td style=\"text-align: center;\" colspan=\"7\">On request<\/td>\n<\/tr>\n<tr>\n<td style=\"text-align: left;\"><a href=\"https:\/\/snowfunsafaris.com\/en\/safaris\/reindeer-and-husky-safaris\/#huskyfarmvisit\">Husky farm visit and sleigh ride<\/a><\/td>\n<td><\/td>\n<td><\/td>\n<td><strong>12:00<\/strong><\/td>\n<td><\/td>\n<td><strong>12:00<\/strong><\/td>\n<td><\/td>\n<td><\/td>\n<\/tr>\n<tr style=\"background: #99ccff;\">\n<td style=\"text-align: left;\"><a href=\"https:\/\/snowfunsafaris.com\/en\/safaris\/reindeer-and-husky-safaris\/#snowmobiletohusky\">Snowmobile safari to husky farm<\/a> **<\/td>\n<td><\/td>\n<td><\/td>\n<td><strong>11:00<\/strong><\/td>\n<td><\/td>\n<td><strong>11:00<\/strong><\/td>\n<td><\/td>\n<td><\/td>\n<\/tr>\n<tr>\n<td style=\"text-align: left;\"><a href=\"https:\/\/snowfunsafaris.com\/en\/safaris\/reindeer-and-husky-safaris\/#halfdayhusky\">Half day husky adventure<\/a> **<\/td>\n<td><\/td>\n<td><strong>9:00<\/strong><\/td>\n<td><\/td>\n<td><\/td>\n<td><\/td>\n<td><\/td>\n<td><\/td>\n<\/tr>\n<\/tbody>\n<\/table>\n<p>[\/vc_column_text][vc_column_text]<\/p>\n<table width=\"100%\">\n<tbody>\n<tr style=\"background: #fdc100;\">\n<td style=\"text-align: center;\" width=\"30%\">\n<h5 style=\"text-align: left;\"><a href=\"https:\/\/snowfunsafaris.com\/en\/safaris\/ice-fishing\/\">Ice fishing<\/a><\/h5>\n<\/td>\n<td width=\"10%\">\n<h6>MON<\/h6>\n<\/td>\n<td width=\"10%\">\n<h6>TUE<\/h6>\n<\/td>\n<td width=\"10%\">\n<h6>WED<\/h6>\n<\/td>\n<td width=\"10%\">\n<h6>THU<\/h6>\n<\/td>\n<td width=\"10%\">\n<h6>FRI<\/h6>\n<\/td>\n<td width=\"10%\">\n<h6>SAT<\/h6>\n<\/td>\n<td width=\"10%\">\n<h6>SUN<\/h6>\n<\/td>\n<\/tr>\n<tr>\n<td style=\"text-align: left;\"><a href=\"https:\/\/snowfunsafaris.com\/en\/safaris\/ice-fishing\/#perch\">Searching for perch<\/a><\/td>\n<td style=\"text-align: center;\" colspan=\"7\"><b>14:00<\/b><\/td>\n<\/tr>\n<tr style=\"background: #99ccff;\">\n<td style=\"text-align: left;\"><a href=\"https:\/\/snowfunsafaris.com\/en\/safaris\/ice-fishing\/#salmonseeking\">Salmon seeking at Lake Luosu<\/a><\/td>\n<td><\/td>\n<td><strong>10:00<\/strong><\/td>\n<td><\/td>\n<td><\/td>\n<td><\/td>\n<td><\/td>\n<td><\/td>\n<\/tr>\n<tr>\n<td style=\"text-align: left;\"><a href=\"https:\/\/snowfunsafaris.com\/en\/safaris\/ice-fishing\/#luosujarvi\">Ice fishing trip to Lake Luosuj\u00e4rvi<\/a><\/td>\n<td style=\"text-align: center;\" colspan=\"7\">On request<\/td>\n<\/tr>\n<tr style=\"background: #99ccff;\">\n<td style=\"text-align: left;\"><a href=\"https:\/\/snowfunsafaris.com\/en\/safaris\/ice-fishing\/#akasjarvi\">Ice fishing safari to Lake \u00c4k\u00e4sj\u00e4rvi<\/a><\/td>\n<td style=\"text-align: center;\" colspan=\"7\">On request<\/td>\n<\/tr>\n<\/tbody>\n<\/table>\n<p>[\/vc_column_text][vc_column_text]<\/p>\n<table width=\"100%\">\n<tbody>\n<tr style=\"background: #fdc100;\">\n<td style=\"text-align: center;\" width=\"30%\">\n<h5 style=\"text-align: left;\"><a href=\"https:\/\/snowfunsafaris.com\/en\/safaris\/snowshoe-trips-and-cross-country-skiing\/\">Snowshoeing and cross-country skiing<\/a><\/h5>\n<\/td>\n<td width=\"10%\">\n<h6>MON<\/h6>\n<\/td>\n<td width=\"10%\">\n<h6>TUE<\/h6>\n<\/td>\n<td width=\"10%\">\n<h6>WED<\/h6>\n<\/td>\n<td width=\"10%\">\n<h6>THU<\/h6>\n<\/td>\n<td width=\"10%\">\n<h6>FRI<\/h6>\n<\/td>\n<td width=\"10%\">\n<h6>SAT<\/h6>\n<\/td>\n<td width=\"10%\">\n<h6>SUN<\/h6>\n<\/td>\n<\/tr>\n<tr>\n<td style=\"text-align: left;\"><a href=\"https:\/\/snowfunsafaris.com\/en\/safaris\/snowshoe-trips-and-cross-country-skiing\/#silenceoftheforest\">Silence of the forest<\/a><\/td>\n<td><strong>14:00<\/strong><\/td>\n<td><\/td>\n<td><\/td>\n<td><\/td>\n<td><\/td>\n<td><\/td>\n<td><\/td>\n<\/tr>\n<tr style=\"background: #99ccff;\">\n<td style=\"text-align: left;\"><a href=\"https:\/\/snowfunsafaris.com\/en\/safaris\/snowshoe-trips-and-cross-country-skiing\/#kellostapuli\">National Park &amp; Kellostapuli<\/a><\/td>\n<td><\/td>\n<td><strong>12:00<\/strong><\/td>\n<td><\/td>\n<td><\/td>\n<td><\/td>\n<td><\/td>\n<td><\/td>\n<\/tr>\n<tr>\n<td style=\"text-align: left;\"><a href=\"https:\/\/snowfunsafaris.com\/en\/safaris\/snowshoe-trips-and-cross-country-skiing\/#skischool\">Cross country ski school for families<\/a><\/td>\n<td><strong>13:00<\/strong><\/td>\n<td><\/td>\n<td><\/td>\n<td><\/td>\n<td><\/td>\n<td><\/td>\n<td><\/td>\n<\/tr>\n<\/tbody>\n<\/table>\n<p>[\/vc_column_text][vc_column_text]<\/p>\n<table width=\"100%\">\n<tbody>\n<tr style=\"background: #fdc100;\">\n<td style=\"text-align: center;\" width=\"30%\">\n<h5 style=\"text-align: left;\"><a href=\"https:\/\/snowfunsafaris.com\/en\/safaris\/snow-village\/\">Snow Village<\/a><\/h5>\n<\/td>\n<td width=\"10%\">\n<h6>MON<\/h6>\n<\/td>\n<td width=\"10%\">\n<h6>TUE<\/h6>\n<\/td>\n<td width=\"10%\">\n<h6>WED<\/h6>\n<\/td>\n<td width=\"10%\">\n<h6>THU<\/h6>\n<\/td>\n<td width=\"10%\">\n<h6>FRI<\/h6>\n<\/td>\n<td width=\"10%\">\n<h6>SAT<\/h6>\n<\/td>\n<td width=\"10%\">\n<h6>SUN<\/h6>\n<\/td>\n<\/tr>\n<tr>\n<td style=\"text-align: left;\"><a href=\"https:\/\/snowfunsafaris.com\/en\/safaris\/snow-village\/#snowmobiletosnowvillage\">Snowmobile safari to Snow Village<\/a> **<\/td>\n<td><\/td>\n<td><\/td>\n<td><strong>10:00<\/strong><\/td>\n<td><\/td>\n<td><\/td>\n<td><\/td>\n<td><\/td>\n<\/tr>\n<tr style=\"background: #99ccff;\">\n<td style=\"text-align: left;\"><a href=\"https:\/\/snowfunsafaris.com\/en\/safaris\/snow-village\/#artofice\">Art of ice and snow<\/a><\/td>\n<td><\/td>\n<td><strong>15:30<\/strong><\/td>\n<td><\/td>\n<td><\/td>\n<td><strong>15:30<\/strong><\/td>\n<td><\/td>\n<td><\/td>\n<\/tr>\n<\/tbody>\n<\/table>\n<p>[\/vc_column_text][vc_column_text][\/vc_column_text][vc_column_text]* 15.2.2027 onwards (week 7)<br \/>\n** Only over 7 year old[\/vc_column_text][\/vc_column][\/vc_row][vc_row row_type=&#8221;row&#8221; use_row_as_full_screen_section=&#8221;yes&#8221; type=&#8221;grid&#8221; text_align=&#8221;center&#8221; background_color=&#8221;#002e4d&#8221; padding_top=&#8221;50&#8243; padding_bottom=&#8221;50&#8243; box_shadow_on_row=&#8221;no&#8221;][vc_column]<a href=\"https:\/\/snowfunsafaris.com\/en\/reservation\/\" target=\"_self\" data-hover-background-color=#fdc100 data-hover-border-color=#ff9900  class=\"qbutton  rotate_icon animate_button\" style=\"border-color: #ff9900; \">\n\t\t<span class=\"text_holder\"><span class=\"a_overlay\" style=\"\"><\/span><span>Book safaris<\/span><span style=\"\" class=\"hidden_text\">Book safaris<\/span><\/span>\n\t\t<span class=\"icon_holder\" style=\"border-left-color: #ff9900; \"><span  style=\"\"><\/span><span style=\"\" class=\"hidden_icon\"><\/span><\/span><\/a>[\/vc_column][\/vc_row]<\/p>\n","protected":false},"excerpt":{"rendered":"<p>[vc_row row_type=&#8221;row&#8221; use_row_as_full_screen_section=&#8221;yes&#8221; type=&#8221;grid&#8221; text_align=&#8221;left&#8221; padding_top=&#8221;75&#8243; box_shadow_on_row=&#8221;no&#8221;][vc_column][vc_column_text] Come on a safari with us Winter 2026-2027 Weekly Program 26-27 &#8211; Departures and prices.pdf [\/vc_column_text][vc_empty_space height=&#8221;15px&#8221; image_repeat=&#8221;no-repeat&#8221;][\/vc_column][\/vc_row][vc_row row_type=&#8221;row&#8221; use_row_as_full_screen_section=&#8221;yes&#8221; type=&#8221;grid&#8221; text_align=&#8221;left&#8221; padding_top=&#8221;50&#8243; padding_bottom=&#8221;50&#8243; box_shadow_on_row=&#8221;no&#8221;][vc_column el_id=&#8221;ohjelma&#8221; el_class=&#8221;weekprog&#8221;][vc_column_text] Snowmobile MON TUE WED THU FRI SAT SUN Snow what 10:00&#8230;<\/p>\n","protected":false},"author":1,"featured_media":348252,"parent":0,"menu_order":0,"comment_status":"open","ping_status":"closed","template":"full_width.php","meta":{"footnotes":""},"class_list":["post-348838","page","type-page","status-publish","has-post-thumbnail","hentry"],"_links":{"self":[{"href":"https:\/\/snowfunsafaris.com\/en\/wp-json\/wp\/v2\/pages\/348838","targetHints":{"allow":["GET"]}}],"collection":[{"href":"https:\/\/snowfunsafaris.com\/en\/wp-json\/wp\/v2\/pages"}],"about":[{"href":"https:\/\/snowfunsafaris.com\/en\/wp-json\/wp\/v2\/types\/page"}],"author":[{"embeddable":true,"href":"https:\/\/snowfunsafaris.com\/en\/wp-json\/wp\/v2\/users\/1"}],"replies":[{"embeddable":true,"href":"https:\/\/snowfunsafaris.com\/en\/wp-json\/wp\/v2\/comments?post=348838"}],"version-history":[{"count":36,"href":"https:\/\/snowfunsafaris.com\/en\/wp-json\/wp\/v2\/pages\/348838\/revisions"}],"predecessor-version":[{"id":351096,"href":"https:\/\/snowfunsafaris.com\/en\/wp-json\/wp\/v2\/pages\/348838\/revisions\/351096"}],"wp:featuredmedia":[{"embeddable":true,"href":"https:\/\/snowfunsafaris.com\/en\/wp-json\/wp\/v2\/media\/348252"}],"wp:attachment":[{"href":"https:\/\/snowfunsafaris.com\/en\/wp-json\/wp\/v2\/media?parent=348838"}],"curies":[{"name":"wp","href":"https:\/\/api.w.org\/{rel}","templated":true}]}}